{"id":3966,"date":"2025-03-02T19:41:33","date_gmt":"2025-03-02T17:41:33","guid":{"rendered":"https:\/\/alia2net.com\/development\/oceanbusiness\/?page_id=3966\/"},"modified":"2025-03-02T19:41:33","modified_gmt":"2025-03-02T17:41:33","slug":"sectors","status":"publish","type":"page","link":"http:\/\/oceanbusiness.com.es\/en\/sectors\/","title":{"rendered":"Sectors"},"content":{"rendered":"<\/p>\n<div id='full_slider_1'  class='avia-fullwidth-slider main_color avia-shadow   avia-builder-el-0  el_before_av_section  avia-builder-el-first   container_wrap sidebar_right'  ><div  class='avia-slideshow av-av_slideshow_full-2beef17c596d06bfe32e86e1df4a06a5 avia-slideshow-featured av_slideshow_full avia-fade-slider av-slideshow-ui av-control-hidden av-no-slider-navigation av-hide-nav-arrows av-slideshow-autoplay av-loop-once av-loop-manual-endless av-default-height-applied   avia-slideshow-1' data-slideshow-options=\"{&quot;animation&quot;:&quot;fade&quot;,&quot;autoplay&quot;:true,&quot;loop_autoplay&quot;:&quot;once&quot;,&quot;interval&quot;:5,&quot;loop_manual&quot;:&quot;manual-endless&quot;,&quot;autoplay_stopper&quot;:true,&quot;noNavigation&quot;:true,&quot;bg_slider&quot;:false,&quot;keep_padding&quot;:false,&quot;hoverpause&quot;:false,&quot;show_slide_delay&quot;:0}\"  itemprop=\"image\" itemscope=\"itemscope\" itemtype=\"https:\/\/schema.org\/ImageObject\" ><ul class='avia-slideshow-inner ' style='padding-bottom: 28.666666666667%;'><li  class='avia-slideshow-slide av-av_slideshow_full-2beef17c596d06bfe32e86e1df4a06a5__0  slide-1 slide-odd'><div data-rel='slideshow-1' class='avia-slide-wrap '   ><div class='av-slideshow-caption av-av_slideshow_full-2beef17c596d06bfe32e86e1df4a06a5__0 caption_fullwidth caption_center caption_center_framed caption_framed'><div class=\"container caption_container\"><div class=\"slideshow_caption\"><div class=\"slideshow_inner_caption\"><div class=\"slideshow_align_caption\"><h2 class='avia-caption-title '  itemprop=\"name\" >Sectors<\/h2><\/div><\/div><\/div><\/div><\/div><img fetchpriority=\"high\" class=\"wp-image-5646 avia-img-lazy-loading-not-5646\"  src='http:\/\/oceanbusiness.com.es\/wp-content\/uploads\/2017\/02\/nuevo1500x430.jpg' width='900' height='258' title='nuevo1500x430' alt=''  itemprop=\"thumbnailUrl\"   \/><\/div><\/li><li  class='avia-slideshow-slide av-av_slideshow_full-2beef17c596d06bfe32e86e1df4a06a5__1  slide-2 slide-even'><div data-rel='slideshow-1' class='avia-slide-wrap '   ><img fetchpriority=\"high\" class=\"wp-image-5646 avia-img-lazy-loading-not-5646\"  src='http:\/\/oceanbusiness.com.es\/wp-content\/uploads\/2017\/02\/nuevo1500x430.jpg' width='900' height='258' title='nuevo1500x430' alt=''  itemprop=\"thumbnailUrl\"   \/><\/div><\/li><\/ul><div class='avia-slideshow-arrows avia-slideshow-controls' ><a href='#prev' class='prev-slide ' aria-hidden='true' data-av_icon='\ue87c' data-av_iconfont='entypo-fontello'  tabindex='-1'>Previous<\/a><a href='#next' class='next-slide ' aria-hidden='true' data-av_icon='\ue87d' data-av_iconfont='entypo-fontello'  tabindex='-1'>Next<\/a><\/div><\/div><\/div>\n\n<style type=\"text\/css\" data-created_by=\"avia_inline_auto\" id=\"style-css-av-av_section-b08646f82a31e74134ea0a379c1e405e\">\n.avia-section.av-av_section-b08646f82a31e74134ea0a379c1e405e .av-extra-border-element .av-extra-border-inner{\nbackground-color:#ffffff;\n}\n<\/style>\n<div id='av_section_1'  class='avia-section av-av_section-b08646f82a31e74134ea0a379c1e405e main_color avia-section-default avia-no-shadow  avia-builder-el-1  el_after_av_slideshow_full  el_before_av_section  avia-bg-style-scroll av-arrow-down-section container_wrap sidebar_right'  ><div class=\"av-section-color-overlay-wrap\"><a href='#next-section' title='' class='scroll-down-link ' aria-hidden='true' data-av_icon='\ue877' data-av_iconfont='entypo-fontello'><\/a><div class='container av-section-cont-open' ><div class='template-page content  av-content-small alpha units'><div class='post-entry post-entry-type-page post-entry-3966'><div class='entry-content-wrapper clearfix'>\n\n<style type=\"text\/css\" data-created_by=\"avia_inline_auto\" id=\"style-css-av-av_heading-9a759cf4be8a343d29a8a625b95aa744\">\n#top .av-special-heading.av-av_heading-9a759cf4be8a343d29a8a625b95aa744{\npadding-bottom:10px;\n}\nbody .av-special-heading.av-av_heading-9a759cf4be8a343d29a8a625b95aa744 .av-special-heading-tag .heading-char{\nfont-size:25px;\n}\n.av-special-heading.av-av_heading-9a759cf4be8a343d29a8a625b95aa744 .av-subheading{\nfont-size:15px;\n}\n<\/style>\n<div  class='av-special-heading av-av_heading-9a759cf4be8a343d29a8a625b95aa744 av-special-heading-h2 blockquote modern-quote  avia-builder-el-2  el_before_av_one_half  avia-builder-el-first '><h2 class='av-special-heading-tag '  itemprop=\"headline\"  >Agriculture<\/h2><div class=\"special-heading-border\"><div class=\"special-heading-inner-border\"><\/div><\/div><\/div>\n\n<style type=\"text\/css\" data-created_by=\"avia_inline_auto\" id=\"style-css-av-av_one_half-6126cab7d8fab8d08143dd2dacdf673c\">\n.flex_column.av-av_one_half-6126cab7d8fab8d08143dd2dacdf673c{\nborder-radius:0px 0px 0px 0px;\npadding:0px 0px 0px 0px;\n}\n<\/style>\n<div  class='flex_column av-av_one_half-6126cab7d8fab8d08143dd2dacdf673c av_one_half  avia-builder-el-3  el_after_av_heading  el_before_av_one_half  first flex_column_div av-zero-column-padding  '     ><section  class='av_textblock_section av-av_textblock-396ddf1f42196ca838231e61a4602801 '   itemscope=\"itemscope\" itemtype=\"https:\/\/schema.org\/CreativeWork\" ><div class='avia_textblock'  itemprop=\"text\" ><p>Despite been in the middle of a desert the Israeli agriculture has achieved incredible results and provides inspiration for many countries in the world. Key components that helped achieve Israel agricultural success are the involvement of the farmers and the research centers through extension services, and the development and implementation of cutting edge technologies.\u00a0Drip irrigation invented in Israel, and other more recent AgTech inventions have helped increase productivity while reducing the impact on the environment. In fact Israel is a world leader in making cropland more productive.<\/p>\n<p><strong>As the world&#8217;s population increases, so does the demand for food\u2014and with it, the pressure to raze forests for more farmland and the increase in the demand for water.<\/strong><\/p>\n<p>With hundreds of Israeli agro technologies companies and startups willing to share their technologies worldwide the time is now to make the shift towards making cropland more productive and reduce the impact on the environment. Amongst the solutions you will find here are:<\/p>\n<ul>\n<li>water conservation,<\/li>\n<li>precision agriculture,<\/li>\n<li>aquaculture,<\/li>\n<li>genetic improvment of crops,<\/li>\n<li>seeds with high commercial potential,<\/li>\n<li>high quality vegetative material,<\/li>\n<li>post-harvest technologies,<\/li>\n<li>smart greenhouses<\/li>\n<li>fertigation systems<\/li>\n<li>biological control of pests<\/li>\n<li>advanced milking technologies<\/li>\n<li>sensors for livestock managment<\/li>\n<li>sensors to monitor crop performance<\/li>\n<\/ul>\n<\/div><\/section><\/div>\n<style type=\"text\/css\" data-created_by=\"avia_inline_auto\" id=\"style-css-av-av_one_half-0aa7055fe62c3622faec82866afbaeb2\">\n.flex_column.av-av_one_half-0aa7055fe62c3622faec82866afbaeb2{\nborder-radius:0px 0px 0px 0px;\npadding:0px 0px 0px 0px;\n}\n<\/style>\n<div  class='flex_column av-av_one_half-0aa7055fe62c3622faec82866afbaeb2 av_one_half  avia-builder-el-5  el_after_av_one_half  avia-builder-el-last  flex_column_div av-zero-column-padding  '     ><p>\n<style type=\"text\/css\" data-created_by=\"avia_inline_auto\" id=\"style-css-av-av_hr-616cd310f4c6bf63bbd1f033802c1165\">\n#top .hr.hr-invisible.av-av_hr-616cd310f4c6bf63bbd1f033802c1165{\nheight:20px;\n}\n<\/style>\n<div  class='hr av-av_hr-616cd310f4c6bf63bbd1f033802c1165 hr-invisible  avia-builder-el-6  el_before_av_video  avia-builder-el-first '><span class='hr-inner '><span class=\"hr-inner-style\"><\/span><\/span><\/div><br \/>\n<div  class='avia-video av-av_video-95e2f7ae8bb0715f3eebaca0031fe30d avia-video-16-9 av-no-preview-image avia-video-load-always av-lazyload-immediate av-lazyload-video-embed'  itemprop=\"video\" itemtype=\"https:\/\/schema.org\/VideoObject\"  data-original_url='https:\/\/www.youtube.com\/watch?v=DzVaQNHFlrY'><script type='text\/html' class='av-video-tmpl'><div class='avia-iframe-wrap'><iframe loading=\"lazy\" title=\"Israel agriculture technologies\" width=\"1500\" height=\"844\" src=\"https:\/\/www.youtube.com\/embed\/DzVaQNHFlrY?feature=oembed&autoplay=0&loop=0&controls=1&mute=0\" frameborder=\"0\" allow=\"accelerometer; autoplay; clipboard-write; encrypted-media; gyroscope; picture-in-picture; web-share\" referrerpolicy=\"strict-origin-when-cross-origin\" allowfullscreen><\/iframe><\/div><\/script><div class='av-click-to-play-overlay'><div class=\"avia_playpause_icon\"><\/div><\/div><\/div><\/p><\/div>\n\n<\/div><\/div><\/div><!-- close content main div --><\/div><div class='av-extra-border-element border-extra-arrow-down'><div class='av-extra-border-outer'><div class='av-extra-border-inner'><\/div><\/div><\/div><\/div><\/div>\n<style type=\"text\/css\" data-created_by=\"avia_inline_auto\" id=\"style-css-av-av_section-cd6c01e2ceaa54f835328365e4262f38\">\n.avia-section.av-av_section-cd6c01e2ceaa54f835328365e4262f38{\nbackground-color:#d7e8e5;\nbackground-image:unset;\n}\n.avia-section.av-av_section-cd6c01e2ceaa54f835328365e4262f38 .av-extra-border-element .av-extra-border-inner{\nbackground-color:#d7e8e5;\n}\n<\/style>\n<div id='agua'  class='avia-section av-av_section-cd6c01e2ceaa54f835328365e4262f38 main_color avia-section-default avia-no-border-styling  avia-builder-el-8  el_after_av_section  el_before_av_section  avia-bg-style-scroll av-arrow-down-section container_wrap sidebar_right'  ><div class=\"av-section-color-overlay-wrap\"><a href='#next-section' title='' class='scroll-down-link ' aria-hidden='true' data-av_icon='\ue877' data-av_iconfont='entypo-fontello'><\/a><div class='container av-section-cont-open' ><div class='template-page content  av-content-small alpha units'><div class='post-entry post-entry-type-page post-entry-3966'><div class='entry-content-wrapper clearfix'>\n\n<style type=\"text\/css\" data-created_by=\"avia_inline_auto\" id=\"style-css-av-av_heading-442e38f4f531ae2e0778bd8c9c53e074\">\n#top .av-special-heading.av-av_heading-442e38f4f531ae2e0778bd8c9c53e074{\npadding-bottom:10px;\n}\nbody .av-special-heading.av-av_heading-442e38f4f531ae2e0778bd8c9c53e074 .av-special-heading-tag .heading-char{\nfont-size:25px;\n}\n.av-special-heading.av-av_heading-442e38f4f531ae2e0778bd8c9c53e074 .av-subheading{\nfont-size:15px;\n}\n<\/style>\n<div  class='av-special-heading av-av_heading-442e38f4f531ae2e0778bd8c9c53e074 av-special-heading-h2 blockquote modern-quote  avia-builder-el-9  el_before_av_one_half  avia-builder-el-first '><h2 class='av-special-heading-tag '  itemprop=\"headline\"  >Water Technologies<\/h2><div class=\"special-heading-border\"><div class=\"special-heading-inner-border\"><\/div><\/div><\/div>\n\n<style type=\"text\/css\" data-created_by=\"avia_inline_auto\" id=\"style-css-av-av_one_half-6126cab7d8fab8d08143dd2dacdf673c\">\n.flex_column.av-av_one_half-6126cab7d8fab8d08143dd2dacdf673c{\nborder-radius:0px 0px 0px 0px;\npadding:0px 0px 0px 0px;\n}\n<\/style>\n<div  class='flex_column av-av_one_half-6126cab7d8fab8d08143dd2dacdf673c av_one_half  avia-builder-el-10  el_after_av_heading  el_before_av_one_half  first flex_column_div av-zero-column-padding  '     ><p>\n<style type=\"text\/css\" data-created_by=\"avia_inline_auto\" id=\"style-css-av-av_hr-616cd310f4c6bf63bbd1f033802c1165\">\n#top .hr.hr-invisible.av-av_hr-616cd310f4c6bf63bbd1f033802c1165{\nheight:20px;\n}\n<\/style>\n<div  class='hr av-av_hr-616cd310f4c6bf63bbd1f033802c1165 hr-invisible  avia-builder-el-11  el_before_av_video  avia-builder-el-first '><span class='hr-inner '><span class=\"hr-inner-style\"><\/span><\/span><\/div><br \/>\n<div  class='avia-video av-av_video-a9e56296e47ce33cfbdcf39669ce64e7 avia-video-16-9 av-no-preview-image avia-video-load-always av-lazyload-immediate av-lazyload-video-embed'  itemprop=\"video\" itemtype=\"https:\/\/schema.org\/VideoObject\"  data-original_url='https:\/\/www.youtube.com\/watch?v=RIAp66m6HDg&t'><script type='text\/html' class='av-video-tmpl'><div class='avia-iframe-wrap'><iframe loading=\"lazy\" title=\"Scouting in  Israel for the most innovative world water technologies\" width=\"1500\" height=\"844\" src=\"https:\/\/www.youtube.com\/embed\/RIAp66m6HDg?feature=oembed&autoplay=0&loop=0&controls=1&mute=0\" frameborder=\"0\" allow=\"accelerometer; autoplay; clipboard-write; encrypted-media; gyroscope; picture-in-picture; web-share\" referrerpolicy=\"strict-origin-when-cross-origin\" allowfullscreen><\/iframe><\/div><\/script><div class='av-click-to-play-overlay'><div class=\"avia_playpause_icon\"><\/div><\/div><\/div><\/p><\/div>\n<style type=\"text\/css\" data-created_by=\"avia_inline_auto\" id=\"style-css-av-av_one_half-0aa7055fe62c3622faec82866afbaeb2\">\n.flex_column.av-av_one_half-0aa7055fe62c3622faec82866afbaeb2{\nborder-radius:0px 0px 0px 0px;\npadding:0px 0px 0px 0px;\n}\n<\/style>\n<div  class='flex_column av-av_one_half-0aa7055fe62c3622faec82866afbaeb2 av_one_half  avia-builder-el-13  el_after_av_one_half  avia-builder-el-last  flex_column_div av-zero-column-padding  '     ><section  class='av_textblock_section av-av_textblock-396ddf1f42196ca838231e61a4602801 '   itemscope=\"itemscope\" itemtype=\"https:\/\/schema.org\/CreativeWork\" ><div class='avia_textblock'  itemprop=\"text\" ><p>The lack of w\u00e1ter and lands forced israel\u00edes to innovate and develop advanced w\u00e1ter technological solutions, good practices and management models that today are recognized as some of the most advanced in the world. Hundreds of companies and stratups offer cutting edge solutions for w\u00e1ter stressed regions.<\/p>\n<p><strong>Water scarcity is one of the most urgent, life-threatening problems facing humanity today.Experts predict that nearly half of the world will experience \u201chigh water stress\u201d by 2030.<\/strong><\/p>\n<p>The israel\u00ed w\u00e1ter ecosystem comprises<\/p>\n<ul>\n<li>w\u00e1ter purification<\/li>\n<li>w\u00e1ter security<\/li>\n<li>reuse of wastewater for agriculture<\/li>\n<li>irrigation systems<\/li>\n<li>waste w\u00e1ter treatment<\/li>\n<li>cleaning of rivers<\/li>\n<li>w\u00e1ter managment and conservation<\/li>\n<li>desalination<\/li>\n<li>monitoring and control<\/li>\n<li>smart sensors and sat\u00e9lite technologies<\/li>\n<li>energy efficency for w\u00e1ter treatment plants<\/li>\n<\/ul>\n<\/div><\/section><\/div><\/div><\/div><\/div><!-- close content main div --><\/div><div class='av-extra-border-element border-extra-arrow-down'><div class='av-extra-border-outer'><div class='av-extra-border-inner'><\/div><\/div><\/div><\/div><\/div>\n<style type=\"text\/css\" data-created_by=\"avia_inline_auto\" id=\"style-css-av-av_section-4e1ea2eac58a3e02ef65a1c0b92f47be\">\n.avia-section.av-av_section-4e1ea2eac58a3e02ef65a1c0b92f47be .av-extra-border-element .av-extra-border-inner{\nbackground-color:#ffffff;\n}\n<\/style>\n<div id='av_section_3'  class='avia-section av-av_section-4e1ea2eac58a3e02ef65a1c0b92f47be main_color avia-section-default avia-no-border-styling  avia-builder-el-15  el_after_av_section  avia-builder-el-last  avia-bg-style-scroll av-arrow-down-section container_wrap sidebar_right'  ><div class='container av-section-cont-open' ><div class='template-page content  av-content-small alpha units'><div class='post-entry post-entry-type-page post-entry-3966'><div class='entry-content-wrapper clearfix'>\n<div  class='avia-button-wrap avia-button-center  avia-builder-el-16  avia-builder-el-no-sibling '>\n<style type=\"text\/css\" data-created_by=\"avia_inline_auto\" id=\"style-css-av-av_button_big-e7bc343ea1f778f36d04ee6a4c069895\">\n#top #wrap_all .avia-button.av-av_button_big-e7bc343ea1f778f36d04ee6a4c069895{\nbackground-color:#d7e7e4;\nborder-color:#d7e7e4;\ncolor:#000000;\ntransition:all 0.4s ease-in-out;\n}\n#top #wrap_all .avia-button.av-av_button_big-e7bc343ea1f778f36d04ee6a4c069895:hover{\nbackground-color:#bad1ca;\ncolor:#ffffff;\ntransition:all 0.4s ease-in-out;\n}\n<\/style>\n<a href='http:\/\/oceanbusiness.com.es\/en\/about-us\/' class='av-icon-on-hover avia-button avia-button-fullwidth av-av_button_big-e7bc343ea1f778f36d04ee6a4c069895 avia-icon_select-yes-right-icon avia-color-custom'   aria-label=\"Contact Us\"><span class='avia_iconbox_title' >Contact Us<\/span><span class='avia_button_icon avia_button_icon_right' aria-hidden='true' data-av_icon='\ue805' data-av_iconfont='entypo-fontello'><\/span><\/a><\/div>\n<\/div><\/div><\/div><!-- close content main div --><\/div><div class='av-extra-border-element border-extra-arrow-down'><div class='av-extra-border-outer'><div class='av-extra-border-inner'><\/div><\/div><\/div><\/div><div id='after_section_3'  class='main_color av_default_container_wrap container_wrap sidebar_right'  ><div class='container av-section-cont-open' ><div class='template-page content  av-content-small alpha units'><div class='post-entry post-entry-type-page post-entry-3966'><div class='entry-content-wrapper clearfix'><\/p>\n","protected":false},"excerpt":{"rendered":"","protected":false},"author":3,"featured_media":0,"parent":0,"menu_order":0,"comment_status":"closed","ping_status":"closed","template":"","meta":{"footnotes":""},"class_list":["post-3966","page","type-page","status-publish","hentry"],"_links":{"self":[{"href":"http:\/\/oceanbusiness.com.es\/en\/wp-json\/wp\/v2\/pages\/3966","targetHints":{"allow":["GET"]}}],"collection":[{"href":"http:\/\/oceanbusiness.com.es\/en\/wp-json\/wp\/v2\/pages"}],"about":[{"href":"http:\/\/oceanbusiness.com.es\/en\/wp-json\/wp\/v2\/types\/page"}],"author":[{"embeddable":true,"href":"http:\/\/oceanbusiness.com.es\/en\/wp-json\/wp\/v2\/users\/3"}],"replies":[{"embeddable":true,"href":"http:\/\/oceanbusiness.com.es\/en\/wp-json\/wp\/v2\/comments?post=3966"}],"version-history":[{"count":8,"href":"http:\/\/oceanbusiness.com.es\/en\/wp-json\/wp\/v2\/pages\/3966\/revisions"}],"predecessor-version":[{"id":6223,"href":"http:\/\/oceanbusiness.com.es\/en\/wp-json\/wp\/v2\/pages\/3966\/revisions\/6223"}],"wp:attachment":[{"href":"http:\/\/oceanbusiness.com.es\/en\/wp-json\/wp\/v2\/media?parent=3966"}],"curies":[{"name":"wp","href":"https:\/\/api.w.org\/{rel}","templated":true}]}}